{"id":480,"date":"2025-07-19T18:43:42","date_gmt":"2025-07-19T18:43:42","guid":{"rendered":"https:\/\/online-rufschutz.de\/?page_id=480"},"modified":"2025-07-19T18:46:32","modified_gmt":"2025-07-19T18:46:32","slug":"impressum","status":"publish","type":"page","link":"https:\/\/online-rufschutz.de\/de\/impressum\/","title":{"rendered":"Impressum"},"content":{"rendered":"\t\t<div data-elementor-type=\"wp-page\" data-elementor-id=\"480\" class=\"elementor elementor-480\" data-elementor-post-type=\"page\">\n\t\t\t\t<div class=\"elementor-element elementor-element-0476035 e-flex e-con-boxed e-con e-parent\" data-id=\"0476035\" data-element_type=\"container\">\n\t\t\t\t\t<div class=\"e-con-inner\">\n\t\t\t\t<div class=\"elementor-element elementor-element-bf21492 elementor-widget elementor-widget-text-editor\" data-id=\"bf21492\" data-element_type=\"widget\" data-widget_type=\"text-editor.default\">\n\t\t\t\t\t\t\t\t\t<div class=\"impressum-content\">\n  <h2>Impressum<\/h2>\n  <p><strong>Online-Rufschutz.de<\/strong> ist eine Marke von:<\/p>\n\n  <p>\n    <strong>WEBtotal.info<\/strong><br>\n    Mellingerstrasse 67<br>\n    5400 Baden<br>\n    Schweiz\n  <\/p>\n\n  <p>\n    <strong>E-Mail:<\/strong> <a href=\"mailto:impressum@online-rufschutz.de\">impressum@online-rufschutz.de<\/a>\n  <\/p>\n\n  <h3>Verantwortlich f\u00fcr den Inhalt<\/h3>\n  <p>\n    WEBtotal.info<br>\n    Damian Schnydrig\n  <\/p>\n\n  <h3>Haftungsausschluss<\/h3>\n  <p>\n    Alle Inhalte dieser Webseite wurden mit gr\u00f6\u00dfter Sorgfalt erstellt. F\u00fcr die Richtigkeit, Vollst\u00e4ndigkeit und Aktualit\u00e4t der Inhalte \u00fcbernehmen wir jedoch keine Gew\u00e4hr. \n    Externe Links f\u00fchren zu Inhalten fremder Anbieter \u2013 f\u00fcr diese Inhalte ist stets der jeweilige Anbieter oder Betreiber verantwortlich.\n  <\/p>\n\n  <h3>Hinweis zur Kontaktaufnahme bei rechtlichen Beanstandungen<\/h3>\n  <p>\n    Online-Rufschutz.de ist bestrebt, alle Inhalte und Angebote rechtlich korrekt darzustellen. Sollte dennoch Anlass zu Beanstandungen bestehen, weisen wir darauf hin, \n    dass wir zur Vermeidung unn\u00f6tiger Kosten und missbr\u00e4uchlicher Abmahnungen ausschlie\u00dflich auf <strong>richterlich best\u00e4tigte Schreiben<\/strong> reagieren. \n    Au\u00dfergerichtliche Mitteilungen oder Abmahnversuche ohne gerichtliche Grundlage werden <strong>nicht beantwortet<\/strong> und k\u00f6nnen, sofern sie unberechtigt sind, \n    zu Gegenforderungen f\u00fchren.\n  <\/p>\n\n  <hr style=\"margin: 30px 0;\">\n\n  <p style=\"font-size: 0.9em; color: #555;\">\n    Letzte Aktualisierung: 19. Juli 2025, Baden (Schweiz)\n  <\/p>\n<\/div>\n\t\t\t\t\t\t\t\t<\/div>\n\t\t\t\t\t<\/div>\n\t\t\t\t<\/div>\n\t\t\t\t<\/div>\n\t\t","protected":false},"excerpt":{"rendered":"<p>Impressum Online-Rufschutz.de ist eine Marke von: WEBtotal.info Mellingerstrasse 67 5400 Baden Schweiz E-Mail: impressum@online-rufschutz.de Verantwortlich f\u00fcr den Inhalt WEBtotal.info Damian Schnydrig Haftungsausschluss Alle Inhalte dieser Webseite wurden mit gr\u00f6\u00dfter Sorgfalt erstellt. F\u00fcr die Richtigkeit, Vollst\u00e4ndigkeit und Aktualit\u00e4t der Inhalte \u00fcbernehmen wir jedoch keine Gew\u00e4hr. Externe Links f\u00fchren zu Inhalten fremder Anbieter \u2013 f\u00fcr diese Inhalte [&hellip;]<\/p>\n","protected":false},"author":1,"featured_media":0,"parent":0,"menu_order":0,"comment_status":"closed","ping_status":"closed","template":"elementor_header_footer","meta":{"footnotes":""},"class_list":["post-480","page","type-page","status-publish","hentry"],"_links":{"self":[{"href":"https:\/\/online-rufschutz.de\/de\/wp-json\/wp\/v2\/pages\/480","targetHints":{"allow":["GET"]}}],"collection":[{"href":"https:\/\/online-rufschutz.de\/de\/wp-json\/wp\/v2\/pages"}],"about":[{"href":"https:\/\/online-rufschutz.de\/de\/wp-json\/wp\/v2\/types\/page"}],"author":[{"embeddable":true,"href":"https:\/\/online-rufschutz.de\/de\/wp-json\/wp\/v2\/users\/1"}],"replies":[{"embeddable":true,"href":"https:\/\/online-rufschutz.de\/de\/wp-json\/wp\/v2\/comments?post=480"}],"version-history":[{"count":4,"href":"https:\/\/online-rufschutz.de\/de\/wp-json\/wp\/v2\/pages\/480\/revisions"}],"predecessor-version":[{"id":484,"href":"https:\/\/online-rufschutz.de\/de\/wp-json\/wp\/v2\/pages\/480\/revisions\/484"}],"wp:attachment":[{"href":"https:\/\/online-rufschutz.de\/de\/wp-json\/wp\/v2\/media?parent=480"}],"curies":[{"name":"wp","href":"https:\/\/api.w.org\/{rel}","templated":true}]}}