{"id":521,"date":"2025-07-19T19:25:31","date_gmt":"2025-07-19T19:25:31","guid":{"rendered":"https:\/\/online-rufschutz.de\/?page_id=521"},"modified":"2025-07-19T19:26:36","modified_gmt":"2025-07-19T19:26:36","slug":"datenschutz","status":"publish","type":"page","link":"https:\/\/online-rufschutz.de\/de\/datenschutz\/","title":{"rendered":"Datenschutz"},"content":{"rendered":"\t\t<div data-elementor-type=\"wp-page\" data-elementor-id=\"521\" class=\"elementor elementor-521\" data-elementor-post-type=\"page\">\n\t\t\t\t<div class=\"elementor-element elementor-element-9427567 e-flex e-con-boxed e-con e-parent\" data-id=\"9427567\" data-element_type=\"container\">\n\t\t\t\t\t<div class=\"e-con-inner\">\n\t\t\t\t<div class=\"elementor-element elementor-element-64c24ae elementor-widget elementor-widget-text-editor\" data-id=\"64c24ae\" data-element_type=\"widget\" data-widget_type=\"text-editor.default\">\n\t\t\t\t\t\t\t\t\t<h2>Datenschutzerkl\u00e4rung<\/h2>\n<p>\nOnline-Rufschutz.de ist ein Projekt der WEBtotal.info, Mellingerstrasse 67, 5400 Baden, Schweiz. <br>Der Schutz Ihrer pers\u00f6nlichen Daten ist uns ein wichtiges Anliegen.\n<\/p>\n<h3>Keine Cookies, keine Tracker<\/h3>\n<p>\nAuf der \u00f6ffentlich zug\u00e4nglichen Startseite von Online-Rufschutz.de setzen wir keine Cookies, keine Pixel und keine Analyse- oder Trackingdienste ein. Es findet keine statistische Auswertung oder Nutzerverfolgung statt.\n<\/p>\n<h3>Datenerfassung im gesch\u00fctzten Kundenbereich<\/h3>\n<p>\nPersonenbezogene Daten werden ausschlie\u00dflich im gesch\u00fctzten Backend verarbeitet \u2013 z.\u202fB. im Rahmen eines Angebots, einer Buchung oder eines Kaufs. Der Zugang zu diesen Bereichen ist nur autorisierten Nutzern m\u00f6glich. Dort werden nur die zur Vertragsabwicklung erforderlichen Informationen verarbeitet. Diese Daten werden nicht an Dritte weitergegeben und ausschlie\u00dflich innerhalb der Schweiz gespeichert.\n<\/p>\n<h3>Keine Weitergabe, keine Profilbildung<\/h3>\n<p>\nWir geben keine Daten an Werbenetzwerke oder externe Dienstleister weiter. Es erfolgt keine automatische Profilbildung oder Verkn\u00fcpfung mit externen Quellen.\n<\/p>\n<h3>Ihre Rechte<\/h3>\n<p>\nSie haben das Recht auf Auskunft, Berichtigung, L\u00f6schung und Einschr\u00e4nkung der Verarbeitung Ihrer personenbezogenen Daten sowie das Recht auf Daten\u00fcbertragbarkeit. Bei Fragen zum Datenschutz oder zur Aus\u00fcbung Ihrer Rechte wenden Sie sich bitte an: <a href=\"mailto:datenschutz@online-rufschutz.de\">datenschutz@online-rufschutz.de<\/a>.\n<\/p>\n<h3>Stand und G\u00fcltigkeit<\/h3>\n<p>\nDiese Datenschutzerkl\u00e4rung wurde zuletzt aktualisiert am 19.07.2025 in Baden, Schweiz.\n<\/p>\t\t\t\t\t\t\t\t<\/div>\n\t\t\t\t\t<\/div>\n\t\t\t\t<\/div>\n\t\t\t\t<\/div>\n\t\t","protected":false},"excerpt":{"rendered":"<p>Datenschutzerkl\u00e4rung Online-Rufschutz.de ist ein Projekt der WEBtotal.info, Mellingerstrasse 67, 5400 Baden, Schweiz. Der Schutz Ihrer pers\u00f6nlichen Daten ist uns ein wichtiges Anliegen. Keine Cookies, keine Tracker Auf der \u00f6ffentlich zug\u00e4nglichen Startseite von Online-Rufschutz.de setzen wir keine Cookies, keine Pixel und keine Analyse- oder Trackingdienste ein. Es findet keine statistische Auswertung oder Nutzerverfolgung statt. Datenerfassung im [&hellip;]<\/p>\n","protected":false},"author":1,"featured_media":0,"parent":0,"menu_order":0,"comment_status":"closed","ping_status":"closed","template":"elementor_header_footer","meta":{"footnotes":""},"class_list":["post-521","page","type-page","status-publish","hentry"],"_links":{"self":[{"href":"https:\/\/online-rufschutz.de\/de\/wp-json\/wp\/v2\/pages\/521","targetHints":{"allow":["GET"]}}],"collection":[{"href":"https:\/\/online-rufschutz.de\/de\/wp-json\/wp\/v2\/pages"}],"about":[{"href":"https:\/\/online-rufschutz.de\/de\/wp-json\/wp\/v2\/types\/page"}],"author":[{"embeddable":true,"href":"https:\/\/online-rufschutz.de\/de\/wp-json\/wp\/v2\/users\/1"}],"replies":[{"embeddable":true,"href":"https:\/\/online-rufschutz.de\/de\/wp-json\/wp\/v2\/comments?post=521"}],"version-history":[{"count":4,"href":"https:\/\/online-rufschutz.de\/de\/wp-json\/wp\/v2\/pages\/521\/revisions"}],"predecessor-version":[{"id":525,"href":"https:\/\/online-rufschutz.de\/de\/wp-json\/wp\/v2\/pages\/521\/revisions\/525"}],"wp:attachment":[{"href":"https:\/\/online-rufschutz.de\/de\/wp-json\/wp\/v2\/media?parent=521"}],"curies":[{"name":"wp","href":"https:\/\/api.w.org\/{rel}","templated":true}]}}