{"id":192,"date":"2025-07-16T14:35:32","date_gmt":"2025-07-16T14:35:32","guid":{"rendered":"https:\/\/online-rufschutz.de\/affiliate-reset-password\/"},"modified":"2025-07-16T14:35:32","modified_gmt":"2025-07-16T14:35:32","slug":"affiliate-reset-password","status":"publish","type":"page","link":"https:\/\/online-rufschutz.de\/es\/affiliate-reset-password\/","title":{"rendered":"Restablecer contrase\u00f1a de afiliado"},"content":{"rendered":"<p>Introduzca a continuaci\u00f3n su nombre de usuario o direcci\u00f3n de correo electr\u00f3nico. Recibir\u00e1 un enlace para confirmar la solicitud por correo electr\u00f3nico. Se le proporcionar\u00e1 una nueva contrase\u00f1a generada que podr\u00e1 cambiar posteriormente desde el Portal del Afiliado.<\/p>\n<div class=\"uap-pass-form-wrap uap-login-template-10\">\r\n\t\t<form method=\"post\" action=\"\" >\r\n\t\t<input type=\"hidden\" name=\"uap_reset_password_nonce\" value=\"1766026ea4\" \/>\r\n\t\t<input name=\"uapaction\" type=\"hidden\" value=\"reset_pass\">\r\n\r\n\t\t\t\t\t\t<div class=\"uap-form-line-fr\">\r\n\t\t\t\t\t\t<i class=\"fa-uap fa-username-uap\"><\/i>\r\n\t\t\t\t\t\t<input type=\"text\" value=\"\" name=\"email_or_userlogin\" placeholder=\"Username or Email Address\" \/>\r\n\t\t\t\t\t<\/div>\r\n\t\t\t\t\t<div class=\"uap-form-line-fr uap-form-submit\">\r\n\t\t\t\t\t\t<input type=\"submit\" value=\"Reset Password\" name=\"Submit\" class=\"button button-primary button-large  uap-reset-password-button\" \/>\r\n\t\t\t\t\t<\/div>\r\n\t\t\t\t\r\n\t<input type=\"hidden\" name=\"trp-form-language\" value=\"es\"\/><\/form>\r\n\r\n<\/div>","protected":false},"excerpt":{"rendered":"<p>Introduzca a continuaci\u00f3n su nombre de usuario o direcci\u00f3n de correo electr\u00f3nico. Recibir\u00e1 un enlace para confirmar la solicitud por correo electr\u00f3nico. Se le proporcionar\u00e1 una nueva contrase\u00f1a generada que podr\u00e1 cambiar posteriormente desde el Portal del Afiliado.<\/p>","protected":false},"author":1,"featured_media":0,"parent":0,"menu_order":0,"comment_status":"closed","ping_status":"closed","template":"","meta":{"footnotes":""},"class_list":["post-192","page","type-page","status-publish","hentry"],"_links":{"self":[{"href":"https:\/\/online-rufschutz.de\/es\/wp-json\/wp\/v2\/pages\/192","targetHints":{"allow":["GET"]}}],"collection":[{"href":"https:\/\/online-rufschutz.de\/es\/wp-json\/wp\/v2\/pages"}],"about":[{"href":"https:\/\/online-rufschutz.de\/es\/wp-json\/wp\/v2\/types\/page"}],"author":[{"embeddable":true,"href":"https:\/\/online-rufschutz.de\/es\/wp-json\/wp\/v2\/users\/1"}],"replies":[{"embeddable":true,"href":"https:\/\/online-rufschutz.de\/es\/wp-json\/wp\/v2\/comments?post=192"}],"version-history":[{"count":0,"href":"https:\/\/online-rufschutz.de\/es\/wp-json\/wp\/v2\/pages\/192\/revisions"}],"wp:attachment":[{"href":"https:\/\/online-rufschutz.de\/es\/wp-json\/wp\/v2\/media?parent=192"}],"curies":[{"name":"wp","href":"https:\/\/api.w.org\/{rel}","templated":true}]}}