{"id":488,"date":"2025-07-19T18:52:34","date_gmt":"2025-07-19T18:52:34","guid":{"rendered":"https:\/\/online-rufschutz.de\/?page_id=488"},"modified":"2025-07-19T19:09:15","modified_gmt":"2025-07-19T19:09:15","slug":"agb","status":"publish","type":"page","link":"https:\/\/online-rufschutz.de\/es\/agb\/","title":{"rendered":"GTC"},"content":{"rendered":"<div data-elementor-type=\"wp-page\" data-elementor-id=\"488\" class=\"elementor elementor-488\" data-elementor-post-type=\"page\">\n\t\t\t\t<div class=\"elementor-element elementor-element-ed81276 e-flex e-con-boxed e-con e-parent\" data-id=\"ed81276\" data-element_type=\"container\">\n\t\t\t\t\t<div class=\"e-con-inner\">\n\t\t\t\t<div class=\"elementor-element elementor-element-66f3bd4 elementor-widget elementor-widget-text-editor\" data-id=\"66f3bd4\" data-element_type=\"widget\" data-widget_type=\"text-editor.default\">\n\t\t\t\t\t\t\t\t\t<div class=\"agb-content\">\n  <h2>Condiciones generales de contrataci\u00f3n (AGB)<\/h2>\n\n  <p><strong>Ponte de pie:<\/strong> 19 de julio de 2025 - Baden, Suiza<\/p>\n\n  <h3>1. \u00e1mbito de aplicaci\u00f3n<\/h3>\n  <p>\n    Las presentes Condiciones Generales de Contrataci\u00f3n (CGC) se aplican a todas las relaciones comerciales entre el cliente y <strong>Online-Rufschutz.de<\/strong>,\n    una marca comercial de WEBtotal.info, Mellingerstrasse 67, 5400 Baden, Suiza (en adelante, el \"Proveedor\"), relativa a los servicios ofrecidos para la limpieza de la reputaci\u00f3n digital.\n  <\/p>\n\n  <h3>2. celebraci\u00f3n del contrato<\/h3>\n  <p>\n    Al encargar un producto en este sitio web, el cliente presenta una oferta vinculante. El contrato se perfecciona cuando el proveedor recibe el pago.\n  <\/p>\n\n  <h3>3. alcance de los servicios<\/h3>\n  <p>\n    Una vez recibido el pago, la tramitaci\u00f3n comienza en un plazo de 1-2 d\u00edas laborables. La realizaci\u00f3n suele tener lugar en un plazo de <strong>5 d\u00edas laborables<\/strong>.\n    Se lleva a cabo un an\u00e1lisis automatizado y verificado manualmente de su perfil de empresa en Google basado en contenido visible p\u00fablicamente.\n  <\/p>\n  <p>\n    La atenci\u00f3n se centra en la eliminaci\u00f3n de <strong>Valoraciones de 1 a 3 estrellas<\/strong>si infringen las directrices de la plataforma.\n    En casi todos los casos, se pueden eliminar con \u00e9xito. <strong>si no han sido comentados por el cliente<\/strong>.\n    Si se han realizado comentarios de este tipo, el cliente se compromete a eliminarlos antes de realizar el pedido.\n  <\/p>\n  <p>\n    Recomendamos expresamente que en el futuro <strong>S\u00f3lo 4 o 5 estrellas<\/strong> para garantizar la m\u00e1xima eficacia de borrado de nuestros procesos.\n  <\/p>\n  <p>\n    No necesitamos acceder a su cuenta de Google para la implementaci\u00f3n. Basta con el nombre exacto con el que su empresa figura en Google Business.\n    La ortograf\u00eda correcta es un requisito previo para que el trabajo se lleve a cabo a su entera satisfacci\u00f3n.\n  <\/p>\n\n  <h3>4. reembolso y garant\u00eda de satisfacci\u00f3n<\/h3>\n  <p>\n    Si el servicio no se presta seg\u00fan lo descrito, el cliente tiene derecho a un reembolso completo.\n    El reembolso se efectuar\u00e1 simplemente al medio de pago original utilizado.\n  <\/p>\n\n  <h3>5 Precios y pago<\/h3>\n  <p>\n    Todos los precios son netos (sin IVA), ya que el servicio se presta desde Suiza y est\u00e1 sujeto al IVA. El pago se realiza por adelantado.\n  <\/p>\n\n  <h3>6. descargo de responsabilidad<\/h3>\n  <p>\n    Una opini\u00f3n s\u00f3lo puede eliminarse si infringe de forma demostrable las directrices de Google. Si Google se niega a eliminar una rese\u00f1a a pesar de nuestro criterio,\n    no se podr\u00e1 reclamar ninguna rectificaci\u00f3n ni responsabilidad.\n  <\/p>\n\n  <h3>7. protecci\u00f3n de datos<\/h3>\n  <p>\n    No se requieren ni almacenan datos de acceso a la cuenta de Google. Toda la comprobaci\u00f3n se realiza de forma accesible al p\u00fablico.\n    Encontrar\u00e1 informaci\u00f3n detallada sobre el tratamiento de datos personales en nuestro <a href=\"\/es\/datenschutz\/\">Pol\u00edtica de privacidad<\/a>.\n  <\/p>\n\n  <h3>8 Obligaciones de cooperaci\u00f3n del cliente<\/h3>\n  <p>\n    El cliente se compromete a facilitar el nombre exacto de la empresa utilizado en Google Business.\n    Las rese\u00f1as que ya hayan sido comentadas por el cliente deben ser eliminadas antes de la solicitud de limpieza,\n    de lo contrario, la eliminaci\u00f3n no ser\u00e1 posible.\n  <\/p>\n\n  <h3>9. lugar de jurisdicci\u00f3n<\/h3>\n  <p>\n    Se aplicar\u00e1 la legislaci\u00f3n de Suiza. El fuero competente es <strong>Baden (AG), Suiza<\/strong>.\n  <\/p>\n\n  <h3>10. cambios en las CGC<\/h3>\n  <p>\n    Las presentes CGC pueden modificarse en cualquier momento. Se aplicar\u00e1 la versi\u00f3n v\u00e1lida en el momento del pedido.\n  <\/p>\n\n  <hr style=\"margin: 30px 0;\">\n  <p style=\"font-size: 0.9em; color: #555;\">\n    \u00daltima actualizaci\u00f3n: 19 de julio de 2025 - Baden, Suiza\n  <\/p>\n<\/div>\n\t\t\t\t\t\t\t\t<\/div>\n\t\t\t\t\t<\/div>\n\t\t\t\t<\/div>\n\t\t\t\t<\/div>","protected":false},"excerpt":{"rendered":"<p>Condiciones Generales de Contrataci\u00f3n (CGC) Estado: 19 de julio de 2025 - Baden, Suiza 1 \u00c1mbito de aplicaci\u00f3n Las presentes Condiciones Generales de Contrataci\u00f3n (CGC) se aplican a todas las relaciones comerciales entre el cliente y Online-Rufschutz.de, una marca de WEBtotal.info, Mellingerstrasse 67, 5400 Baden, Suiza (en adelante, el \"Proveedor\"), en relaci\u00f3n con los servicios ofrecidos para la limpieza de la reputaci\u00f3n digital. 2 Conclusi\u00f3n del contrato Al pedir un producto en este sitio web, el [...]<\/p>","protected":false},"author":1,"featured_media":0,"parent":0,"menu_order":0,"comment_status":"closed","ping_status":"closed","template":"elementor_header_footer","meta":{"footnotes":""},"class_list":["post-488","page","type-page","status-publish","hentry"],"_links":{"self":[{"href":"https:\/\/online-rufschutz.de\/es\/wp-json\/wp\/v2\/pages\/488","targetHints":{"allow":["GET"]}}],"collection":[{"href":"https:\/\/online-rufschutz.de\/es\/wp-json\/wp\/v2\/pages"}],"about":[{"href":"https:\/\/online-rufschutz.de\/es\/wp-json\/wp\/v2\/types\/page"}],"author":[{"embeddable":true,"href":"https:\/\/online-rufschutz.de\/es\/wp-json\/wp\/v2\/users\/1"}],"replies":[{"embeddable":true,"href":"https:\/\/online-rufschutz.de\/es\/wp-json\/wp\/v2\/comments?post=488"}],"version-history":[{"count":10,"href":"https:\/\/online-rufschutz.de\/es\/wp-json\/wp\/v2\/pages\/488\/revisions"}],"predecessor-version":[{"id":509,"href":"https:\/\/online-rufschutz.de\/es\/wp-json\/wp\/v2\/pages\/488\/revisions\/509"}],"wp:attachment":[{"href":"https:\/\/online-rufschutz.de\/es\/wp-json\/wp\/v2\/media?parent=488"}],"curies":[{"name":"wp","href":"https:\/\/api.w.org\/{rel}","templated":true}]}}