{"id":521,"date":"2025-07-19T19:25:31","date_gmt":"2025-07-19T19:25:31","guid":{"rendered":"https:\/\/online-rufschutz.de\/?page_id=521"},"modified":"2025-07-19T19:26:36","modified_gmt":"2025-07-19T19:26:36","slug":"datenschutz","status":"publish","type":"page","link":"https:\/\/online-rufschutz.de\/es\/datenschutz\/","title":{"rendered":"Protecci\u00f3n de datos"},"content":{"rendered":"<div data-elementor-type=\"wp-page\" data-elementor-id=\"521\" class=\"elementor elementor-521\" data-elementor-post-type=\"page\">\n\t\t\t\t<div class=\"elementor-element elementor-element-9427567 e-flex e-con-boxed e-con e-parent\" data-id=\"9427567\" data-element_type=\"container\">\n\t\t\t\t\t<div class=\"e-con-inner\">\n\t\t\t\t<div class=\"elementor-element elementor-element-64c24ae elementor-widget elementor-widget-text-editor\" data-id=\"64c24ae\" data-element_type=\"widget\" data-widget_type=\"text-editor.default\">\n\t\t\t\t\t\t\t\t\t<h2>Pol\u00edtica de privacidad<\/h2>\n<p>\nOnline-Rufschutz.de es un proyecto de WEBtotal.info, Mellingerstrasse 67, 5400 Baden, Suiza. <br>La protecci\u00f3n de sus datos personales es importante para nosotros.\n<\/p>\n<h3>Sin cookies ni rastreadores<\/h3>\n<p>\nNo utilizamos cookies, p\u00edxeles ni servicios de an\u00e1lisis o seguimiento en la p\u00e1gina de acceso p\u00fablico de Online-Rufschutz.de. No se realizan an\u00e1lisis estad\u00edsticos ni seguimiento de usuarios.\n<\/p>\n<h3>Recogida de datos en el \u00e1rea protegida de clientes<\/h3>\n<p>\nLos datos personales s\u00f3lo se procesan en el backend protegido, por ejemplo, como parte de una oferta, una reserva o una compra. El acceso a estas \u00e1reas s\u00f3lo es posible para usuarios autorizados. All\u00ed s\u00f3lo se procesa la informaci\u00f3n necesaria para tramitar el contrato. Estos datos no se transmiten a terceros y se almacenan exclusivamente en Suiza.\n<\/p>\n<h3>Sin divulgaci\u00f3n ni elaboraci\u00f3n de perfiles<\/h3>\n<p>\nNo transmitimos datos a redes publicitarias ni a proveedores de servicios externos. No se elaboran perfiles autom\u00e1ticos ni se establecen v\u00ednculos con fuentes externas.\n<\/p>\n<h3>Sus derechos<\/h3>\n<p>\nTiene derecho a la informaci\u00f3n, rectificaci\u00f3n, supresi\u00f3n y limitaci\u00f3n del tratamiento de sus datos personales, as\u00ed como a la portabilidad de los datos. Si tiene alguna pregunta sobre la protecci\u00f3n de datos o el ejercicio de sus derechos, p\u00f3ngase en contacto con: <a href=\"mailto:datenschutz@online-rufschutz.de\">datenschutz@online-rufschutz.de<\/a>.\n<\/p>\n<h3>Situaci\u00f3n y validez<\/h3>\n<p>\nEsta pol\u00edtica de privacidad se actualiz\u00f3 por \u00faltima vez el 19.07.2025 en Baden, Suiza.\n<\/p>\t\t\t\t\t\t\t\t<\/div>\n\t\t\t\t\t<\/div>\n\t\t\t\t<\/div>\n\t\t\t\t<\/div>","protected":false},"excerpt":{"rendered":"<p>Pol\u00edtica de privacidad Online-Rufschutz.de es un proyecto de WEBtotal.info, Mellingerstrasse 67, 5400 Baden, Suiza. La protecci\u00f3n de sus datos personales es importante para nosotros. Sin cookies ni rastreadores No utilizamos cookies, p\u00edxeles ni servicios de an\u00e1lisis o rastreo en la p\u00e1gina de acceso p\u00fablico Online-Rufschutz.de. No se realizan an\u00e1lisis estad\u00edsticos ni seguimiento de usuarios. La recopilaci\u00f3n de datos en el [...]<\/p>","protected":false},"author":1,"featured_media":0,"parent":0,"menu_order":0,"comment_status":"closed","ping_status":"closed","template":"elementor_header_footer","meta":{"footnotes":""},"class_list":["post-521","page","type-page","status-publish","hentry"],"_links":{"self":[{"href":"https:\/\/online-rufschutz.de\/es\/wp-json\/wp\/v2\/pages\/521","targetHints":{"allow":["GET"]}}],"collection":[{"href":"https:\/\/online-rufschutz.de\/es\/wp-json\/wp\/v2\/pages"}],"about":[{"href":"https:\/\/online-rufschutz.de\/es\/wp-json\/wp\/v2\/types\/page"}],"author":[{"embeddable":true,"href":"https:\/\/online-rufschutz.de\/es\/wp-json\/wp\/v2\/users\/1"}],"replies":[{"embeddable":true,"href":"https:\/\/online-rufschutz.de\/es\/wp-json\/wp\/v2\/comments?post=521"}],"version-history":[{"count":4,"href":"https:\/\/online-rufschutz.de\/es\/wp-json\/wp\/v2\/pages\/521\/revisions"}],"predecessor-version":[{"id":525,"href":"https:\/\/online-rufschutz.de\/es\/wp-json\/wp\/v2\/pages\/521\/revisions\/525"}],"wp:attachment":[{"href":"https:\/\/online-rufschutz.de\/es\/wp-json\/wp\/v2\/media?parent=521"}],"curies":[{"name":"wp","href":"https:\/\/api.w.org\/{rel}","templated":true}]}}