{"id":193,"date":"2025-07-16T14:35:32","date_gmt":"2025-07-16T14:35:32","guid":{"rendered":"https:\/\/online-rufschutz.de\/affiliate-tos-page\/"},"modified":"2025-08-22T14:39:43","modified_gmt":"2025-08-22T12:39:43","slug":"affiliate-tos-page","status":"publish","type":"page","link":"https:\/\/online-rufschutz.de\/it\/affiliate-tos-page\/","title":{"rendered":"Termini e condizioni per gli agenti"},"content":{"rendered":"<div data-elementor-type=\"wp-page\" data-elementor-id=\"193\" class=\"elementor elementor-193\" data-elementor-post-type=\"page\">\n\t\t\t\t<div class=\"elementor-element elementor-element-2c597c6 stax-condition-yes stax-user_role_enabled-yes e-flex e-con-boxed e-con e-parent\" data-id=\"2c597c6\" data-element_type=\"container\">\n\t\t\t\t\t<div class=\"e-con-inner\">\n\t\t\t\t<div class=\"elementor-element elementor-element-686650b elementor-widget elementor-widget-text-editor\" data-id=\"686650b\" data-element_type=\"widget\" data-widget_type=\"text-editor.default\">\n\t\t\t\t\t\t\t\t\t<div class=\"affiliate-terms-note\" style=\"background: #f9fafb; border: 1px solid #e5e7eb; padding: 20px; max-width: 700px; margin: 20px auto; font-family: Arial, sans-serif; color: #111827;\"><h3 style=\"margin-top: 0; font-size: 20px; color: #1f2937;\">Nota sulle condizioni dei partner<\/h3><p style=\"line-height: 1.6; margin-bottom: 15px;\">I termini e le condizioni dettagliate per gli agenti possono essere visualizzati solo dopo la registrazione.<br \/>Se desiderate vederli in anticipo, siete invitati a richiederli tramite il sistema di ticket integrato prima di registrarvi.<\/p><p style=\"line-height: 1.6; margin-bottom: 20px;\">Se le condizioni non soddisfano le vostre aspettative dopo la registrazione, potete naturalmente far cancellare il vostro account in qualsiasi momento tramite il sistema di ticket.<\/p><p><a class=\"ticket-btn\" href=\"https:\/\/online-rufschutz.de\/it\/support\/\" target=\"_blank\" rel=\"noopener\">Sistema di ticket aperti<\/a><\/p><\/div><p><style>\n  .ticket-btn {<br \/>    display:inline-block;<br \/>    background:#2563eb; \/* Grundfarbe Blau *\/<br \/>    color:#ffffff;<br \/>    text-decoration:none;<br \/>    padding:12px 20px;<br \/>    border:none;<br \/>    font-weight:normal; \/* kein Fett *\/<br \/>    transition:all 0.3s ease;<br \/>  }<br \/>  .ticket-btn:hover {<br \/>    background:#FEBC16; \/* kr\u00e4ftiges Orange-Gelb beim Hover *\/<br \/>    transform:translateY(-2px);<br \/>  }<br \/><\/style><\/p>\t\t\t\t\t\t\t\t<\/div>\n\t\t\t\t\t<\/div>\n\t\t\t\t<\/div>\n\t\t\t\t<\/div>","protected":false},"excerpt":{"rendered":"<p>Hinweis zu den Partnerbedingungen Die detaillierten Bedingungen und Konditionen f\u00fcr Agenten sind ausschlie\u00dflich nach der Anmeldung einsehbar.Wer diese bereits im Vorfeld einsehen m\u00f6chte, kann sie gerne vor der Anmeldung \u00fcber das integrierte Ticketsystem anfordern. Sollten die Bedingungen nach der Anmeldung nicht den eigenen Erwartungen entsprechen, besteht selbstverst\u00e4ndlich jederzeit die M\u00f6glichkeit, \u00fcber das Ticketsystem eine L\u00f6schung [&hellip;]<\/p>","protected":false},"author":1,"featured_media":0,"parent":0,"menu_order":0,"comment_status":"closed","ping_status":"closed","template":"elementor_header_footer","meta":{"footnotes":""},"class_list":["post-193","page","type-page","status-publish","hentry"],"_links":{"self":[{"href":"https:\/\/online-rufschutz.de\/it\/wp-json\/wp\/v2\/pages\/193","targetHints":{"allow":["GET"]}}],"collection":[{"href":"https:\/\/online-rufschutz.de\/it\/wp-json\/wp\/v2\/pages"}],"about":[{"href":"https:\/\/online-rufschutz.de\/it\/wp-json\/wp\/v2\/types\/page"}],"author":[{"embeddable":true,"href":"https:\/\/online-rufschutz.de\/it\/wp-json\/wp\/v2\/users\/1"}],"replies":[{"embeddable":true,"href":"https:\/\/online-rufschutz.de\/it\/wp-json\/wp\/v2\/comments?post=193"}],"version-history":[{"count":46,"href":"https:\/\/online-rufschutz.de\/it\/wp-json\/wp\/v2\/pages\/193\/revisions"}],"predecessor-version":[{"id":1285,"href":"https:\/\/online-rufschutz.de\/it\/wp-json\/wp\/v2\/pages\/193\/revisions\/1285"}],"wp:attachment":[{"href":"https:\/\/online-rufschutz.de\/it\/wp-json\/wp\/v2\/media?parent=193"}],"curies":[{"name":"wp","href":"https:\/\/api.w.org\/{rel}","templated":true}]}}