{"id":848,"date":"2025-07-25T19:47:39","date_gmt":"2025-07-25T19:47:39","guid":{"rendered":"https:\/\/online-rufschutz.de\/?page_id=848"},"modified":"2025-09-20T14:30:43","modified_gmt":"2025-09-20T12:30:43","slug":"fachagenten-anfordern","status":"publish","type":"page","link":"https:\/\/online-rufschutz.de\/it\/fachagenten-anfordern\/","title":{"rendered":"Richiesta di agenti specializzati"},"content":{"rendered":"<div data-elementor-type=\"wp-page\" data-elementor-id=\"848\" class=\"elementor elementor-848\" data-elementor-post-type=\"page\">\n\t\t\t\t<div class=\"elementor-element elementor-element-166dd60 e-flex e-con-boxed e-con e-parent\" data-id=\"166dd60\" data-element_type=\"container\">\n\t\t\t\t\t<div class=\"e-con-inner\">\n\t\t\t\t<div class=\"elementor-element elementor-element-489eb82 elementor-widget elementor-widget-text-editor\" data-id=\"489eb82\" data-element_type=\"widget\" data-widget_type=\"text-editor.default\">\n\t\t\t\t\t\t\t\t\t<style>\n  body {\n    font-family: \"Segoe UI\", sans-serif;\n    background: linear-gradient(to bottom, #f2f6f9, #ffffff);\n    margin: 0;\n    padding: 0;\n  }\n\n  .agent-section {\n    max-width: 800px;\n    margin: 80px auto;\n    padding: 50px 30px;\n    background: #fff;\n    box-shadow: 0 10px 30px rgba(0, 0, 0, 0.06);\n    border-radius: 10px;\n    text-align: center;\n    position: relative;\n    animation: fadeIn 1s ease-out forwards;\n    opacity: 0;\n    overflow: hidden;\n  }\n\n  .agent-section::before {\n    content: \"\";\n    position: absolute;\n    top: -50%;\n    left: -50%;\n    width: 200%;\n    height: 200%;\n    background: radial-gradient(circle, rgba(255,255,255,0.15), transparent 70%);\n    animation: shine 10s linear infinite;\n    z-index: 0;\n  }\n\n  .agent-section * {\n    position: relative;\n    z-index: 1;\n  }\n\n  .agent-title {\n    font-size: 28px;\n    color: #005fa3;\n    margin-bottom: 10px;\n  }\n\n  .agent-description {\n    font-size: 17px;\n    color: #444;\n    margin-bottom: 30px;\n    line-height: 1.6;\n  }\n\n  .agent-card {\n    background: #f8fafc;\n    padding: 30px;\n    border-radius: 8px;\n    box-shadow: 0 6px 20px rgba(0,0,0,0.05);\n    transition: all 0.4s ease;\n    display: inline-block;\n  }\n\n  .agent-card:hover {\n    transform: translateY(-4px) scale(1.015);\n    box-shadow: 0 12px 35px rgba(0,0,0,0.08);\n  }\n\n  .agent-name {\n    font-size: 20px;\n    font-weight: bold;\n    color: #0077cc;\n    margin-bottom: 8px;\n  }\n\n  .agent-role {\n    font-size: 15px;\n    color: #666;\n    margin-bottom: 20px;\n  }\n\n  .agent-email {\n    font-family: \"Courier New\", monospace;\n    background-color: #eef3f9;\n    padding: 10px 16px;\n    display: inline-block;\n    color: #005fa3;\n    font-size: 15px;\n    margin-bottom: 20px;\n  }\n\n  .cta-button {\n    display: inline-block;\n    background-color: #0077cc;\n    color: white;\n    font-weight: 600;\n    text-decoration: none;\n    padding: 12px 26px;\n    font-size: 16px;\n    border: none;\n    border-radius: 0;\n    transition: background-color 0.3s ease;\n  }\n\n  .cta-button:hover {\n    background-color: #003f6e;\n    color: white;\n  }\n\n  @keyframes fadeIn {\n    to { opacity: 1; }\n  }\n\n  @keyframes shine {\n    from { transform: rotate(0deg); }\n    to { transform: rotate(360deg); }\n  }\n<\/style>\n\n<div class=\"agent-section\">\n  <h2 class=\"agent-title\">Richiedi un agente specializzato<\/h2>\n  <p class=\"agent-description\">\n    Ci occuperemo personalmente della vostra richiesta.\n    Il vostro referente \u00e8 Damian Schnydrig, che esaminer\u00e0 la vostra richiesta in modo riservato\n    e, se necessario, la inoltrer\u00e0 allo specialista giusto.\n  <\/p>\n\n  <div class=\"agent-card\">\n    <div class=\"agent-name\">\ud83d\udc64 Damian Schnydrig<\/div>\n    <div class=\"agent-role\">Coordinamento centrale di tutti gli agenti specializzati<\/div>\n    <div class=\"agent-email\">damian.schnydrig@online-rufschutz.de<\/div>\n    <a class=\"cta-button\" href=\"mailto:damian.schnydrig@online-rufschutz.de\">Richiedi subito un agente specializzato<\/a>\n  <\/div>\n<\/div>\n\t\t\t\t\t\t\t\t<\/div>\n\t\t\t\t\t<\/div>\n\t\t\t\t<\/div>\n\t\t\t\t<\/div>","protected":false},"excerpt":{"rendered":"<p>Richiesta di un agente specializzato Ci occuperemo personalmente della vostra richiesta. Il vostro interlocutore \u00e8 Damian Schnydrig, che verificher\u00e0 la vostra richiesta in modo confidenziale e, se necessario, la inoltrer\u00e0 allo specialista giusto. \ud83d\udc64 Damian Schnydrig Coordinamento centrale di tutti gli agenti specializzati damian.schnydrig@online-rufschutz.de Richiedi subito un agente specializzato<\/p>","protected":false},"author":1,"featured_media":0,"parent":0,"menu_order":0,"comment_status":"closed","ping_status":"closed","template":"elementor_header_footer","meta":{"footnotes":""},"class_list":["post-848","page","type-page","status-publish","hentry"],"_links":{"self":[{"href":"https:\/\/online-rufschutz.de\/it\/wp-json\/wp\/v2\/pages\/848","targetHints":{"allow":["GET"]}}],"collection":[{"href":"https:\/\/online-rufschutz.de\/it\/wp-json\/wp\/v2\/pages"}],"about":[{"href":"https:\/\/online-rufschutz.de\/it\/wp-json\/wp\/v2\/types\/page"}],"author":[{"embeddable":true,"href":"https:\/\/online-rufschutz.de\/it\/wp-json\/wp\/v2\/users\/1"}],"replies":[{"embeddable":true,"href":"https:\/\/online-rufschutz.de\/it\/wp-json\/wp\/v2\/comments?post=848"}],"version-history":[{"count":16,"href":"https:\/\/online-rufschutz.de\/it\/wp-json\/wp\/v2\/pages\/848\/revisions"}],"predecessor-version":[{"id":1336,"href":"https:\/\/online-rufschutz.de\/it\/wp-json\/wp\/v2\/pages\/848\/revisions\/1336"}],"wp:attachment":[{"href":"https:\/\/online-rufschutz.de\/it\/wp-json\/wp\/v2\/media?parent=848"}],"curies":[{"name":"wp","href":"https:\/\/api.w.org\/{rel}","templated":true}]}}